{"id":1156,"date":"2025-08-05T06:34:08","date_gmt":"2025-08-05T06:34:08","guid":{"rendered":"https:\/\/majorviptransfer.com\/?page_id=1156"},"modified":"2025-08-05T10:45:50","modified_gmt":"2025-08-05T10:45:50","slug":"rezervasyon","status":"publish","type":"page","link":"https:\/\/majorviptransfer.com\/en\/rezervasyon\/","title":{"rendered":"Reservation"},"content":{"rendered":"<style id=\"wpforms-css-vars-1162-block-420e1068-3ab8-4330-b7a9-8abd6cc61456\">\n\t\t\t\t#wpforms-1162.wpforms-block-420e1068-3ab8-4330-b7a9-8abd6cc61456 {\n\t\t\t\t--wpforms-field-size-input-height: 43px;\n--wpforms-field-size-input-spacing: 15px;\n--wpforms-field-size-font-size: 16px;\n--wpforms-field-size-line-height: 19px;\n--wpforms-field-size-padding-h: 14px;\n--wpforms-field-size-checkbox-size: 16px;\n--wpforms-field-size-sublabel-spacing: 5px;\n--wpforms-field-size-icon-size: 1;\n--wpforms-label-size-font-size: 16px;\n--wpforms-label-size-line-height: 19px;\n--wpforms-label-size-sublabel-font-size: 14px;\n--wpforms-label-size-sublabel-line-height: 17px;\n--wpforms-button-size-font-size: 17px;\n--wpforms-button-size-height: 41px;\n--wpforms-button-size-padding-h: 15px;\n--wpforms-button-size-margin-top: 10px;\n\t\t\t}\n\t\t\t<\/style><div class=\"wpforms-container wpforms-container-full wpforms-block wpforms-block-420e1068-3ab8-4330-b7a9-8abd6cc61456 wpforms-render-modern\" id=\"wpforms-1162\"><form id=\"wpforms-form-1162\" class=\"wpforms-validate wpforms-form wpforms-ajax-form\" data-formid=\"1162\" method=\"post\" enctype=\"multipart\/form-data\" action=\"\/en\/wp-json\/wp\/v2\/pages\/1156\" data-token=\"9d38c92ed7a122ab54283883a1a1b216\" data-token-time=\"1777458265\" data-trp-original-action=\"\/en\/wp-json\/wp\/v2\/pages\/1156\"><noscript class=\"wpforms-error-noscript\">Please enable JavaScript in your browser to complete this form.<\/noscript><div id=\"wpforms-error-noscript\" style=\"display: none;\">Please enable JavaScript in your browser to complete this form.<\/div><div class=\"wpforms-field-container\"><div id=\"wpforms-1162-field_1-container\" class=\"wpforms-field wpforms-field-text\" data-field-id=\"1\"><label class=\"wpforms-field-label\" for=\"wpforms-1162-field_1\">Ad Soyad <span class=\"wpforms-required-label\" aria-hidden=\"true\">*<\/span><\/label><input type=\"text\" id=\"wpforms-1162-field_1\" class=\"wpforms-field-medium wpforms-field-required\" name=\"wpforms[fields][1]\" aria-errormessage=\"wpforms-1162-field_1-error\" required><\/div><div id=\"wpforms-1162-field_2-container\" class=\"wpforms-field wpforms-field-number\" data-field-id=\"2\"><label class=\"wpforms-field-label\" for=\"wpforms-1162-field_2\">Telefon <span class=\"wpforms-required-label\" aria-hidden=\"true\">*<\/span><\/label><input type=\"number\" id=\"wpforms-1162-field_2\" class=\"wpforms-field-medium wpforms-field-required\" name=\"wpforms[fields][2]\" step=\"any\" aria-errormessage=\"wpforms-1162-field_2-error\" required><\/div><div id=\"wpforms-1162-field_3-container\" class=\"wpforms-field wpforms-field-email\" data-field-id=\"3\"><label class=\"wpforms-field-label\" for=\"wpforms-1162-field_3\">E-posta <span class=\"wpforms-required-label\" aria-hidden=\"true\">*<\/span><\/label><input type=\"email\" id=\"wpforms-1162-field_3\" class=\"wpforms-field-medium wpforms-field-required\" name=\"wpforms[fields][3]\" spellcheck=\"false\" aria-errormessage=\"wpforms-1162-field_3-error\" required><\/div><div id=\"wpforms-1162-field_9-container\" class=\"wpforms-field wpforms-field-textarea\" data-field-id=\"9\"><label class=\"wpforms-field-label\" for=\"wpforms-1162-field_9\">Adres <span class=\"wpforms-required-label\" aria-hidden=\"true\">*<\/span><\/label><textarea id=\"wpforms-1162-field_9\" class=\"wpforms-field-small wpforms-field-required\" name=\"wpforms[fields][9]\" aria-errormessage=\"wpforms-1162-field_9-error\" required><\/textarea><\/div><div id=\"wpforms-1162-field_5-container\" class=\"wpforms-field wpforms-field-radio wpforms-list-inline\" data-field-id=\"5\"><fieldset><legend class=\"wpforms-field-label\">Transfer T\u00fcr\u00fc <span class=\"wpforms-required-label\" aria-hidden=\"true\">*<\/span><\/legend><ul id=\"wpforms-1162-field_5\" class=\"wpforms-field-required wpforms-icon-choices wpforms-icon-choices-modern wpforms-icon-choices-small\" style=\"--wpforms-icon-choices-color: #066aab;\"><li class=\"choice-2 depth-1 wpforms-icon-choices-item\"><label class=\"wpforms-field-label-inline\" for=\"wpforms-1162-field_5_2\">\n\t\t\t\t<span class=\"wpforms-icon-choices-icon\">\n\t\t\t\t\t<svg xmlns=\"http:\/\/www.w3.org\/2000\/svg\" width=\"40\" height=\"32px\" viewbox=\"0 0 384 512\"><!--! Font Awesome Free 6.4.0 by @fontawesome - https:\/\/fontawesome.com License - https:\/\/fontawesome.com\/license\/free (Icons: CC BY 4.0, Fonts: SIL OFL 1.1, Code: MIT License) Copyright 2023 Fonticons, Inc. --><path d=\"M214.6 41.4c-12.5-12.5-32.8-12.5-45.3 0l-160 160c-12.5 12.5-12.5 32.8 0 45.3s32.8 12.5 45.3 0L160 141.2V448c0 17.7 14.3 32 32 32s32-14.3 32-32V141.2L329.4 246.6c12.5 12.5 32.8 12.5 45.3 0s12.5-32.8 0-45.3l-160-160z\"\/><\/svg>\n\t\t\t\t\t<span class=\"wpforms-icon-choices-icon-bg\"><\/span>\n\t\t\t\t<\/span>\n\t\t\t\t<input type=\"radio\" id=\"wpforms-1162-field_5_2\" class=\"wpforms-screen-reader-element\" name=\"wpforms[fields][5]\" value=\"Havaliman\u0131 Gidi\u015f\" aria-errormessage=\"wpforms-1162-field_5_2-error\" required>\n\t\t\t\t<span class=\"wpforms-icon-choices-label\">Havaliman\u0131 Gidi\u015f<\/span>\n\t\t\t<\/label><\/li><li class=\"choice-3 depth-1 wpforms-icon-choices-item\"><label class=\"wpforms-field-label-inline\" for=\"wpforms-1162-field_5_3\">\n\t\t\t\t<span class=\"wpforms-icon-choices-icon\">\n\t\t\t\t\t<svg xmlns=\"http:\/\/www.w3.org\/2000\/svg\" width=\"40\" height=\"32px\" viewbox=\"0 0 384 512\"><!--! Font Awesome Free 6.4.0 by @fontawesome - https:\/\/fontawesome.com License - https:\/\/fontawesome.com\/license\/free (Icons: CC BY 4.0, Fonts: SIL OFL 1.1, Code: MIT License) Copyright 2023 Fonticons, Inc. --><path d=\"M169.4 502.6c12.5 12.5 32.8 12.5 45.3 0l128-128c12.5-12.5 12.5-32.8 0-45.3s-32.8-12.5-45.3 0L224 402.7 224 32c0-17.7-14.3-32-32-32s-32 14.3-32 32l0 370.7L86.6 329.4c-12.5-12.5-32.8-12.5-45.3 0s-12.5 32.8 0 45.3l128 128z\"\/><\/svg>\n\t\t\t\t\t<span class=\"wpforms-icon-choices-icon-bg\"><\/span>\n\t\t\t\t<\/span>\n\t\t\t\t<input type=\"radio\" id=\"wpforms-1162-field_5_3\" class=\"wpforms-screen-reader-element\" name=\"wpforms[fields][5]\" value=\"Havaliman\u0131 Geli\u015f\" aria-errormessage=\"wpforms-1162-field_5_3-error\" required>\n\t\t\t\t<span class=\"wpforms-icon-choices-label\">Havaliman\u0131 Geli\u015f<\/span>\n\t\t\t<\/label><\/li><\/ul><\/fieldset><\/div><div id=\"wpforms-1162-field_4-container\" class=\"wpforms-field wpforms-field-select wpforms-field-select-style-modern\" data-field-id=\"4\"><label class=\"wpforms-field-label\" for=\"wpforms-1162-field_4\">Airport <span class=\"wpforms-required-label\" aria-hidden=\"true\">*<\/span><\/label><select id=\"wpforms-1162-field_4\" class=\"wpforms-field-medium wpforms-field-required choicesjs-select\" data-size-class=\"wpforms-field-row wpforms-field-medium\" data-search-enabled=\"\" name=\"wpforms[fields][4]\" required=\"required\"><option value=\"\" class=\"placeholder\" disabled selected='selected'>Bir Havaliman\u0131 Se\u00e7<\/option><option value=\"Antalya Havaliman\u0131\"  class=\"choice-4 depth-1\"  >Antalya Havaliman\u0131<\/option><option value=\"Gazipa\u015fa Havaliman\u0131\"  class=\"choice-1 depth-1\"  >Gazipa\u015fa Havaliman\u0131<\/option><\/select><\/div>\t\t<div id=\"wpforms-1162-field_6-container\"\n\t\t\tclass=\"wpforms-field wpforms-field-text\"\n\t\t\tdata-field-type=\"text\"\n\t\t\tdata-field-id=\"6\"\n\t\t\t>\n\t\t\t<label class=\"wpforms-field-label\" for=\"wpforms-1162-field_6\" >E-posta Soyad Say\u0131s\u0131<\/label>\n\t\t\t<input type=\"text\" id=\"wpforms-1162-field_6\" class=\"wpforms-field-medium\" name=\"wpforms[fields][6]\" >\n\t\t<\/div>\n\t\t<div id=\"wpforms-1162-field_7-container\" class=\"wpforms-field wpforms-field-text\" data-field-id=\"7\"><label class=\"wpforms-field-label\" for=\"wpforms-1162-field_7\">U\u00e7u\u015f Numaras\u0131 <span class=\"wpforms-required-label\" aria-hidden=\"true\">*<\/span><\/label><input type=\"text\" id=\"wpforms-1162-field_7\" class=\"wpforms-field-medium wpforms-field-required\" name=\"wpforms[fields][7]\" aria-errormessage=\"wpforms-1162-field_7-error\" required><\/div><div id=\"wpforms-1162-field_8-container\" class=\"wpforms-field wpforms-field-text\" data-field-id=\"8\"><label class=\"wpforms-field-label\" for=\"wpforms-1162-field_8\">U\u00e7u\u015f Tarihi <span class=\"wpforms-required-label\" aria-hidden=\"true\">*<\/span><\/label><input type=\"text\" id=\"wpforms-1162-field_8\" class=\"wpforms-field-medium wpforms-field-required\" name=\"wpforms[fields][8]\" aria-errormessage=\"wpforms-1162-field_8-error\" required><\/div><div id=\"wpforms-1162-field_14-container\" class=\"wpforms-field wpforms-field-text\" data-field-id=\"14\"><label class=\"wpforms-field-label\" for=\"wpforms-1162-field_14\">U\u00e7u\u015f Saati <span class=\"wpforms-required-label\" aria-hidden=\"true\">*<\/span><\/label><input type=\"text\" id=\"wpforms-1162-field_14\" class=\"wpforms-field-medium wpforms-field-required\" name=\"wpforms[fields][14]\" aria-errormessage=\"wpforms-1162-field_14-error\" required><\/div><div id=\"wpforms-1162-field_10-container\" class=\"wpforms-field wpforms-field-number\" data-field-id=\"10\"><label class=\"wpforms-field-label\" for=\"wpforms-1162-field_10\">Yolcu Say\u0131s\u0131 <span class=\"wpforms-required-label\" aria-hidden=\"true\">*<\/span><\/label><input type=\"number\" id=\"wpforms-1162-field_10\" class=\"wpforms-field-medium wpforms-field-required\" name=\"wpforms[fields][10]\" step=\"any\" aria-errormessage=\"wpforms-1162-field_10-error\" required><\/div><div id=\"wpforms-1162-field_11-container\" class=\"wpforms-field wpforms-field-textarea\" data-field-id=\"11\"><label class=\"wpforms-field-label\" for=\"wpforms-1162-field_11\">Not<\/label><textarea id=\"wpforms-1162-field_11\" class=\"wpforms-field-medium\" name=\"wpforms[fields][11]\" aria-errormessage=\"wpforms-1162-field_11-error\" ><\/textarea><\/div><script>\n\t\t\t\t( function() {\n\t\t\t\t\tconst style = document.createElement( 'style' );\n\t\t\t\t\tstyle.appendChild( document.createTextNode( '#wpforms-1162-field_6-container { position: absolute !important; overflow: hidden !important; display: inline !important; height: 1px !important; width: 1px !important; z-index: -1000 !important; padding: 0 !important; } #wpforms-1162-field_6-container input { visibility: hidden; } #wpforms-conversational-form-page #wpforms-1162-field_6-container label { counter-increment: none; }' ) );\n\t\t\t\t\tdocument.head.appendChild( style );\n\t\t\t\t\tdocument.currentScript?.remove();\n\t\t\t\t} )();\n\t\t\t<\/script><\/div><!-- .wpforms-field-container --><div class=\"wpforms-submit-container\" ><input type=\"hidden\" name=\"wpforms[id]\" value=\"1162\"><input type=\"hidden\" name=\"page_title\" value=\"\"><input type=\"hidden\" name=\"page_url\" value=\"https:\/\/majorviptransfer.com\/en\/wp-json\/wp\/v2\/pages\/1156\"><input type=\"hidden\" name=\"url_referer\" value=\"\"><button type=\"submit\" name=\"wpforms[submit]\" id=\"wpforms-submit-1162\" class=\"wpforms-submit\" data-alt-text=\"G\u00f6nderiliyor...\" data-submit-text=\"G\u00f6nder\" aria-live=\"assertive\" value=\"wpforms-submit\">G\u00f6nder<\/button><img decoding=\"async\" src=\"https:\/\/majorviptransfer.com\/wp-content\/plugins\/wpforms-lite\/assets\/images\/submit-spin.svg\" class=\"wpforms-submit-spinner\" style=\"display: none;\" width=\"26\" height=\"26\" alt=\"Loading\"><\/div><input type=\"hidden\" name=\"trp-form-language\" value=\"en\"\/><\/form><\/div>  <!-- .wpforms-container -->","protected":false},"excerpt":{"rendered":"","protected":false},"author":1,"featured_media":0,"parent":0,"menu_order":0,"comment_status":"closed","ping_status":"closed","template":"","meta":{"footnotes":""},"class_list":["post-1156","page","type-page","status-publish","hentry"],"_links":{"self":[{"href":"https:\/\/majorviptransfer.com\/en\/wp-json\/wp\/v2\/pages\/1156","targetHints":{"allow":["GET"]}}],"collection":[{"href":"https:\/\/majorviptransfer.com\/en\/wp-json\/wp\/v2\/pages"}],"about":[{"href":"https:\/\/majorviptransfer.com\/en\/wp-json\/wp\/v2\/types\/page"}],"author":[{"embeddable":true,"href":"https:\/\/majorviptransfer.com\/en\/wp-json\/wp\/v2\/users\/1"}],"replies":[{"embeddable":true,"href":"https:\/\/majorviptransfer.com\/en\/wp-json\/wp\/v2\/comments?post=1156"}],"version-history":[{"count":0,"href":"https:\/\/majorviptransfer.com\/en\/wp-json\/wp\/v2\/pages\/1156\/revisions"}],"wp:attachment":[{"href":"https:\/\/majorviptransfer.com\/en\/wp-json\/wp\/v2\/media?parent=1156"}],"curies":[{"name":"wp","href":"https:\/\/api.w.org\/{rel}","templated":true}]}}