{"id":19,"date":"2025-07-31T11:03:16","date_gmt":"2025-07-31T11:03:16","guid":{"rendered":"https:\/\/majorviptransfer.com\/all-items\/"},"modified":"2025-07-31T11:03:16","modified_gmt":"2025-07-31T11:03:16","slug":"all-items","status":"publish","type":"page","link":"https:\/\/majorviptransfer.com\/en\/all-items\/","title":{"rendered":"All items"},"content":{"rendered":"<div class=\"babe_shortcode_block sc_all_items\">\r\n            <div class=\"babe_shortcode_block_bg_inner\">\r\n               <div class=\"babe_shortcode_block_inner\">\r\n                  \r\n<div class=\"booking-block ba-block-item\">\r\n\t<div class=\"babe-block-content\">\r\n\t\t<div class=\"post-image\">\r\n\t\t\t\t\t\t\t<a class=\"post-link\" href=\"https:\/\/majorviptransfer.com\/en\/booking\/antalya-havalimani-%e2%86%92-alanya-transfer\/\">\r\n\t\t\t\t\t<img decoding=\"async\" src=\"https:\/\/majorviptransfer.com\/wp-content\/uploads\/2025\/08\/airport-transfer-main-580x450.jpg\" alt=\"Antalya Havaliman\u0131 \u2192 Alanya Transfer\">\r\n\t\t\t\t<\/a>\r\n\t\t\t  \r\n\r\n\t\t\t\r\n         \t\t<div class=\"wishlist-icon\">\r\n\t\t\t<a href=\"#\" data-post_id=\"1151\" class=\"ajax-wishlist-link wishlist-add\" title=\"Wishlist\">\r\n\t\t\t\t<i class=\"icon far fa-heart\"><\/i>\r\n\t\t\t\t\t\t\t<\/a>\r\n\t \t<\/div> \r\n\t\r\n\t  \t<\/div>\r\n\r\n\t\t  <div class=\"booking-content\">\r\n\r\n\t\t  \t\t<div class=\"content-top\">\r\n\t\t\t  \t\t\t\t\t  \t\t\t\t\t\t<\/div>\t\r\n\r\n\t\t  \t\t<h3 class=\"title\">\r\n\t\t\t\t\t<a href=\"https:\/\/majorviptransfer.com\/en\/booking\/antalya-havalimani-%e2%86%92-alanya-transfer\/\">Antalya Airport \u2192 Alanya Transfer<\/a>\r\n\t\t\t\t<\/h3>\r\n\r\n\t\t\t\t\r\n\t\t\t\t<div class=\"ba-price\">\r\n\t\t\t\t  \t<label>From<\/label>\r\n\t\t\t\t  \t<span class=\"item_info_price_new\"><span class=\"currency_amount\" data-amount=\"0\"><span class=\"currency_symbol\">&#36;<\/span>0.00<\/span><\/span>\r\n\t\t\t\t\t\t\t\t \t<\/div>\r\n\r\n\t\t\t\t<div class=\"ba-meta\">\r\n\t\t\t\t\t<div class=\"meta-left\">\r\n\t\t\t\t\t\t<span class=\"item-user item-meta\"><i class=\"las la-user-friends\"><\/i><span>6<\/span><\/span>\t\t\t\t\t<\/div>\r\n\t\t\t\t\t<div class=\"meta-right\">\r\n\t\t\t\t\t\t<a href=\"https:\/\/majorviptransfer.com\/en\/booking\/antalya-havalimani-%e2%86%92-alanya-transfer\/\">Explore<\/a>\r\n\t\t\t\t\t<\/div>\t\r\n\t\t\t\t<\/div>\r\n\r\n\t\t  <\/div>\r\n\t <\/div>\r\n<\/div>\r\n<div class=\"booking-block ba-block-item\">\r\n\t<div class=\"babe-block-content\">\r\n\t\t<div class=\"post-image\">\r\n\t\t\t\t\t\t\t<a class=\"post-link\" href=\"https:\/\/majorviptransfer.com\/en\/booking\/gazipasa-delikdeniz-kralkoyu-turu\/\">\r\n\t\t\t\t\t<img decoding=\"async\" src=\"https:\/\/majorviptransfer.com\/wp-content\/uploads\/2021\/09\/kral-koyu-main-580x450.jpg\" alt=\"Gazipa\u015fa Delikdeniz &amp; Kral Koyu Turu\">\r\n\t\t\t\t<\/a>\r\n\t\t\t  \r\n\r\n\t\t\t<div class=\"item-labels\"><span class=\"item-label item-featured\">Featured<\/span><\/div>\r\n         \t\t<div class=\"wishlist-icon\">\r\n\t\t\t<a href=\"#\" data-post_id=\"939\" class=\"ajax-wishlist-link wishlist-add\" title=\"Wishlist\">\r\n\t\t\t\t<i class=\"icon far fa-heart\"><\/i>\r\n\t\t\t\t\t\t\t<\/a>\r\n\t \t<\/div> \r\n\t\r\n\t  \t<\/div>\r\n\r\n\t\t  <div class=\"booking-content\">\r\n\r\n\t\t  \t\t<div class=\"content-top\">\r\n\t\t\t  \t\t\t\t\t  \t\t\t\t\t\t\t\t<div class=\"ba-media\">\r\n\r\n\t\t\t\t\t\t\t\t\t\t                     <a class=\"ba-gallery\" href=\"https:\/\/majorviptransfer.com\/wp-content\/uploads\/2021\/09\/gazipasa_delikdeniz_01.webp\" data-elementor-lightbox-slideshow=\"1984920649\">\r\n\t\t\t                        <i class=\"las la-camera\"><\/i><span>5<\/span>\t\t\t                     <\/a>\r\n\t\t\t                  \t\t\t                     <a class=\"hidden\" href=\"https:\/\/majorviptransfer.com\/wp-content\/uploads\/2021\/09\/gazipasa_delikdeniz_04.webp\" data-elementor-lightbox-slideshow=\"1984920649\">\r\n\t\t\t                        \t\t\t                     <\/a>\r\n\t\t\t                  \t\t\t                     <a class=\"hidden\" href=\"https:\/\/majorviptransfer.com\/wp-content\/uploads\/2021\/09\/gazipasa_delikdeniz_03.webp\" data-elementor-lightbox-slideshow=\"1984920649\">\r\n\t\t\t                        \t\t\t                     <\/a>\r\n\t\t\t                  \t\t\t                     <a class=\"hidden\" href=\"https:\/\/majorviptransfer.com\/wp-content\/uploads\/2021\/09\/gazipasa_delikdeniz_04-1.webp\" data-elementor-lightbox-slideshow=\"1984920649\">\r\n\t\t\t                        \t\t\t                     <\/a>\r\n\t\t\t                  \t\t\t                     <a class=\"hidden\" href=\"https:\/\/majorviptransfer.com\/wp-content\/uploads\/2021\/09\/gazipasa_delikdeniz_05.webp\" data-elementor-lightbox-slideshow=\"1984920649\">\r\n\t\t\t                        \t\t\t                     <\/a>\r\n\t\t\t                  \r\n\t\t\t\t\t\t\t\r\n\t\t\t\t\t\t<\/div>\r\n\t\t\t\t\t\t\t\t\t<\/div>\t\r\n\r\n\t\t  \t\t<h3 class=\"title\">\r\n\t\t\t\t\t<a href=\"https:\/\/majorviptransfer.com\/en\/booking\/gazipasa-delikdeniz-kralkoyu-turu\/\">Gazipa\u015fa Delikdeniz & Kral Koyu Turu<\/a>\r\n\t\t\t\t<\/h3>\r\n\r\n\t\t\t\t\t\t\t\t\t<div class=\"ba-address\">\r\n\t\t\t\t\t\t<i class=\"fas fa-map-marker-alt\"><\/i><span>Gazipa\u015fa Delikdeniz Kral Cove - AntalyaUygulamak i\u00e7in t\u0131kla<\/span>\r\n\t\t\t\t\t<\/div>\r\n\t\t\t\t\r\n\t\t\t\t<div class=\"ba-price\">\r\n\t\t\t\t  \t<label>From<\/label>\r\n\t\t\t\t  \t<span class=\"item_info_price_new\"><span class=\"currency_amount\" data-amount=\"49\"><span class=\"currency_symbol\">&#36;<\/span>49.00<\/span><\/span>\r\n\t\t\t\t\t\t\t\t \t<\/div>\r\n\r\n\t\t\t\t<div class=\"ba-meta\">\r\n\t\t\t\t\t<div class=\"meta-left\">\r\n\t\t\t\t\t\t<span class=\"item-days item-meta\"><i class=\"las la-clock\"><\/i><span>1 hour 20 minutes<\/span><\/span><span class=\"item-user item-meta\"><i class=\"las la-user-friends\"><\/i><span>6<\/span><\/span>\t\t\t\t\t<\/div>\r\n\t\t\t\t\t<div class=\"meta-right\">\r\n\t\t\t\t\t\t<a href=\"https:\/\/majorviptransfer.com\/en\/booking\/gazipasa-delikdeniz-kralkoyu-turu\/\">Explore<\/a>\r\n\t\t\t\t\t<\/div>\t\r\n\t\t\t\t<\/div>\r\n\r\n\t\t  <\/div>\r\n\t <\/div>\r\n<\/div>\r\n<div class=\"booking-block ba-block-item\">\r\n\t<div class=\"babe-block-content\">\r\n\t\t<div class=\"post-image\">\r\n\t\t\t\t\t\t\t<a class=\"post-link\" href=\"https:\/\/majorviptransfer.com\/en\/booking\/discovery-islands-kayaking-tour\/\">\r\n\t\t\t\t\t<img decoding=\"async\" src=\"https:\/\/majorviptransfer.com\/wp-content\/uploads\/2021\/09\/side-main-580x450.jpg\" alt=\"Side \u015fehir turu\">\r\n\t\t\t\t<\/a>\r\n\t\t\t  \r\n\r\n\t\t\t<div class=\"item-labels\"><span class=\"item-label item-featured\">Featured<\/span><\/div>\r\n         \t\t<div class=\"wishlist-icon\">\r\n\t\t\t<a href=\"#\" data-post_id=\"897\" class=\"ajax-wishlist-link wishlist-add\" title=\"Wishlist\">\r\n\t\t\t\t<i class=\"icon far fa-heart\"><\/i>\r\n\t\t\t\t\t\t\t<\/a>\r\n\t \t<\/div> \r\n\t\r\n\t  \t<\/div>\r\n\r\n\t\t  <div class=\"booking-content\">\r\n\r\n\t\t  \t\t<div class=\"content-top\">\r\n\t\t\t  \t\t\t\t\t  \t\t\t\t\t\t\t\t<div class=\"ba-media\">\r\n\r\n\t\t\t\t\t\t\t\t\t\t                     <a class=\"ba-gallery\" href=\"https:\/\/majorviptransfer.com\/wp-content\/uploads\/2021\/09\/side_01.jpg\" data-elementor-lightbox-slideshow=\"2707560001\">\r\n\t\t\t                        <i class=\"las la-camera\"><\/i><span>4<\/span>\t\t\t                     <\/a>\r\n\t\t\t                  \t\t\t                     <a class=\"hidden\" href=\"https:\/\/majorviptransfer.com\/wp-content\/uploads\/2021\/09\/side_02.jpg\" data-elementor-lightbox-slideshow=\"2707560001\">\r\n\t\t\t                        \t\t\t                     <\/a>\r\n\t\t\t                  \t\t\t                     <a class=\"hidden\" href=\"https:\/\/majorviptransfer.com\/wp-content\/uploads\/2021\/09\/side_03.jpg\" data-elementor-lightbox-slideshow=\"2707560001\">\r\n\t\t\t                        \t\t\t                     <\/a>\r\n\t\t\t                  \t\t\t                     <a class=\"hidden\" href=\"https:\/\/majorviptransfer.com\/wp-content\/uploads\/2021\/09\/side_04.jpg\" data-elementor-lightbox-slideshow=\"2707560001\">\r\n\t\t\t                        \t\t\t                     <\/a>\r\n\t\t\t                  \r\n\t\t\t\t\t\t\t\r\n\t\t\t\t\t\t<\/div>\r\n\t\t\t\t\t\t\t\t\t<\/div>\t\r\n\r\n\t\t  \t\t<h3 class=\"title\">\r\n\t\t\t\t\t<a href=\"https:\/\/majorviptransfer.com\/en\/booking\/discovery-islands-kayaking-tour\/\">Side city tour<\/a>\r\n\t\t\t\t<\/h3>\r\n\r\n\t\t\t\t\t\t\t\t\t<div class=\"ba-address\">\r\n\t\t\t\t\t\t<i class=\"fas fa-map-marker-alt\"><\/i><span>Side Manavgat<\/span>\r\n\t\t\t\t\t<\/div>\r\n\t\t\t\t\r\n\t\t\t\t<div class=\"ba-price\">\r\n\t\t\t\t  \t<label>From<\/label>\r\n\t\t\t\t  \t<span class=\"item_info_price_new\"><span class=\"currency_amount\" data-amount=\"50\"><span class=\"currency_symbol\">&#36;<\/span>50.00<\/span><\/span>\r\n\t\t\t\t\t\t\t\t \t<\/div>\r\n\r\n\t\t\t\t<div class=\"ba-meta\">\r\n\t\t\t\t\t<div class=\"meta-left\">\r\n\t\t\t\t\t\t<span class=\"item-days item-meta\"><i class=\"las la-clock\"><\/i><span>1 hour 50 minutes<\/span><\/span><span class=\"item-user item-meta\"><i class=\"las la-user-friends\"><\/i><span>8<\/span><\/span>\t\t\t\t\t<\/div>\r\n\t\t\t\t\t<div class=\"meta-right\">\r\n\t\t\t\t\t\t<a href=\"https:\/\/majorviptransfer.com\/en\/booking\/discovery-islands-kayaking-tour\/\">Explore<\/a>\r\n\t\t\t\t\t<\/div>\t\r\n\t\t\t\t<\/div>\r\n\r\n\t\t  <\/div>\r\n\t <\/div>\r\n<\/div>\r\n               <\/div>\r\n            <\/div>\r\n         <\/div>","protected":false},"excerpt":{"rendered":"","protected":false},"author":1,"featured_media":0,"parent":0,"menu_order":0,"comment_status":"closed","ping_status":"closed","template":"","meta":{"footnotes":""},"class_list":["post-19","page","type-page","status-publish","hentry"],"_links":{"self":[{"href":"https:\/\/majorviptransfer.com\/en\/wp-json\/wp\/v2\/pages\/19","targetHints":{"allow":["GET"]}}],"collection":[{"href":"https:\/\/majorviptransfer.com\/en\/wp-json\/wp\/v2\/pages"}],"about":[{"href":"https:\/\/majorviptransfer.com\/en\/wp-json\/wp\/v2\/types\/page"}],"author":[{"embeddable":true,"href":"https:\/\/majorviptransfer.com\/en\/wp-json\/wp\/v2\/users\/1"}],"replies":[{"embeddable":true,"href":"https:\/\/majorviptransfer.com\/en\/wp-json\/wp\/v2\/comments?post=19"}],"version-history":[{"count":0,"href":"https:\/\/majorviptransfer.com\/en\/wp-json\/wp\/v2\/pages\/19\/revisions"}],"wp:attachment":[{"href":"https:\/\/majorviptransfer.com\/en\/wp-json\/wp\/v2\/media?parent=19"}],"curies":[{"name":"wp","href":"https:\/\/api.w.org\/{rel}","templated":true}]}}